{"id":78,"date":"2019-02-27T23:22:13","date_gmt":"2019-02-27T22:22:13","guid":{"rendered":"http:\/\/cd50petanque.fr\/?page_id=78"},"modified":"2022-04-05T15:02:21","modified_gmt":"2022-04-05T13:02:21","slug":"telechargements","status":"publish","type":"page","link":"https:\/\/cd50petanque.fr\/?page_id=78","title":{"rendered":"T\u00e9l\u00e9chargements"},"content":{"rendered":"<p><strong>Vous trouverez ici tous les documents de gestion utiles pour la vie de vos clubs :<\/strong><\/p>\n<p><a href=\"https:\/\/cd50petanque.fr\/wp-content\/uploads\/2020\/02\/TABLEAU_TENUES_CONGRES_TOUQUET_2020.pdf\" target=\"_blank\" rel=\"noopener noreferrer\">La r\u00e9glementation des tenues 2022<\/a><\/p>\n<p>Les documents pour <strong>la LICENCE 2022<\/strong>\u00a0 Le <a href=\"https:\/\/cd50petanque.fr\/wp-content\/uploads\/2019\/12\/Questionnaire_sant\u00e9_ffpjp.pdf\" target=\"_blank\" rel=\"noopener noreferrer\">questionnaire de sant\u00e9<\/a> et <a href=\"https:\/\/cd50petanque.fr\/wp-content\/uploads\/2019\/12\/renseignements-_MMA.pdf\" target=\"_blank\" rel=\"noopener noreferrer\">la fiche de renseignements MMA<\/a><\/p>\n<p>Le calendrier f\u00e9d\u00e9ral 2020 <a href=\"https:\/\/cd50petanque.fr\/wp-content\/uploads\/2019\/05\/CALENDRIER_FEDERAL_2020.pdf\">CALENDRIER_FEDERAL_2020<\/a><\/p>\n<p>La liste des joueurs <a href=\"https:\/\/cd50petanque.fr\/wp-content\/uploads\/2019\/12\/joueurs-elites-en-2020.pdf\" target=\"_blank\" rel=\"noopener noreferrer\">\u00e9lites <\/a>et <a href=\"https:\/\/cd50petanque.fr\/wp-content\/uploads\/2019\/12\/joueurs-honneurs-en-2020.pdf\" target=\"_blank\" rel=\"noopener noreferrer\">honneurs<\/a> de la\u00a0 Manche en 2020<\/p>\n<p>Liste des joueurs Elite et Honneurs 2019 &#8211; <a href=\"https:\/\/cd50petanque.fr\/wp-content\/uploads\/2019\/03\/Liste-des-joueurs-Elite-et-Honneurs.pdf\" target=\"_blank\" rel=\"noopener noreferrer\">Liste des joueurs Elite et Honneurs<\/a><\/p>\n<p>R\u00e8glements :<\/p>\n<ul>\n<li style=\"list-style-type: none;\">\n<ul>\n<li style=\"list-style-type: none;\">\n<ul>\n<li><a href=\"https:\/\/cd50petanque.fr\/wp-content\/uploads\/2019\/03\/R\u00e9glement-CDC_CRC_CNC_f\u00e9minin.pdf\" target=\"_blank\" rel=\"noopener noreferrer\">R\u00e9glement CDC_CRC_CNC_f\u00e9minin<\/a><\/li>\n<li><a style=\"font-size: 1rem;\" href=\"https:\/\/cd50petanque.fr\/wp-content\/uploads\/2019\/03\/R\u00e9glement-CDC_CRC_CNC_masculin.pdf\" target=\"_blank\" rel=\"noopener noreferrer\">R\u00e9glement CDC_CRC_CNC_masculin<\/a><\/li>\n<li><a style=\"font-size: 1rem;\" href=\"https:\/\/cd50petanque.fr\/wp-content\/uploads\/2019\/03\/R\u00e9glement_coupes_2019.pdf\" target=\"_blank\" rel=\"noopener noreferrer\">R\u00e9glement_coupes_2022<\/a><\/li>\n<\/ul>\n<\/li>\n<\/ul>\n<\/li>\n<\/ul>\n<p>&nbsp;<\/p>\n","protected":false},"excerpt":{"rendered":"<p>Vous trouverez ici tous les documents de gestion utiles pour la vie de vos clubs : La r\u00e9glementation des tenues 2022 Les documents pour la LICENCE 2022\u00a0 Le questionnaire de sant\u00e9 et la fiche de renseignements MMA Le calendrier f\u00e9d\u00e9ral 2020 CALENDRIER_FEDERAL_2020 La liste des joueurs \u00e9lites et honneurs de la\u00a0 Manche en 2020 Liste &hellip; <\/p>\n<p class=\"link-more\"><a href=\"https:\/\/cd50petanque.fr\/?page_id=78\" class=\"more-link\">Continuer la lecture<span class=\"screen-reader-text\"> de &laquo;&nbsp;T\u00e9l\u00e9chargements&nbsp;&raquo;<\/span><\/a><\/p>\n","protected":false},"author":1,"featured_media":0,"parent":0,"menu_order":0,"comment_status":"closed","ping_status":"closed","template":"","meta":[],"_links":{"self":[{"href":"https:\/\/cd50petanque.fr\/index.php?rest_route=\/wp\/v2\/pages\/78"}],"collection":[{"href":"https:\/\/cd50petanque.fr\/index.php?rest_route=\/wp\/v2\/pages"}],"about":[{"href":"https:\/\/cd50petanque.fr\/index.php?rest_route=\/wp\/v2\/types\/page"}],"author":[{"embeddable":true,"href":"https:\/\/cd50petanque.fr\/index.php?rest_route=\/wp\/v2\/users\/1"}],"replies":[{"embeddable":true,"href":"https:\/\/cd50petanque.fr\/index.php?rest_route=%2Fwp%2Fv2%2Fcomments&post=78"}],"version-history":[{"count":12,"href":"https:\/\/cd50petanque.fr\/index.php?rest_route=\/wp\/v2\/pages\/78\/revisions"}],"predecessor-version":[{"id":1469,"href":"https:\/\/cd50petanque.fr\/index.php?rest_route=\/wp\/v2\/pages\/78\/revisions\/1469"}],"wp:attachment":[{"href":"https:\/\/cd50petanque.fr\/index.php?rest_route=%2Fwp%2Fv2%2Fmedia&parent=78"}],"curies":[{"name":"wp","href":"https:\/\/api.w.org\/{rel}","templated":true}]}}