{"id":49,"date":"2019-02-26T00:01:20","date_gmt":"2019-02-25T23:01:20","guid":{"rendered":"http:\/\/cd50petanque.fr\/?page_id=49"},"modified":"2026-02-24T10:12:17","modified_gmt":"2026-02-24T09:12:17","slug":"mot-du-president","status":"publish","type":"page","link":"https:\/\/cd50petanque.fr\/?page_id=49","title":{"rendered":"Mot du pr\u00e9sident"},"content":{"rendered":"<p>Les pr\u00e9sidents et les membres du comit\u00e9 d\u00e9partemental de la Manche vous\u00a0 pr\u00e9sentent ainsi qu\u2019\u00e0 vos proches leurs meilleurs v\u0153ux pour l\u2019ann\u00e9e 2026.<br \/>\nF\u00e9licitations \u00e0 l\u2019\u00e9quipe juniors de l\u2019entente MANCHE 50 compos\u00e9e de joueurs de 4 clubs diff\u00e9rents. Cette entente a gagn\u00e9 le CRC Normandie juniors et s\u2019est qualifi\u00e9e pour la phase finale Nationale CNC Jeunes \u00e0 Sainte LIVRADE. Cette \u00e9quipe s\u2019est inclin\u00e9e en finale du CNC apr\u00e8s avoir brillamment d\u00e9fendu les<br \/>\ncouleurs de l\u2019entente. Elle \u00e9tait compos\u00e9e de E. GUERY, E. CAROFF,<br \/>\nN. YSABETH et G. CHANTREUX. Bravo \u00e0 tous ces jeunes.<br \/>\nF\u00e9licitations \u00e9galement \u00e0 la triplette jeu proven\u00e7al de Saint L\u00f4 compos\u00e9e de L. TOSTAIN et de N. VALLEE et N. VALLEE \u00e9limin\u00e9e en 1\/8 de finale au championnat de France.<br \/>\nPour le comit\u00e9 de la Manche la nouvelle saison d\u00e9bute avec un concours triplette v\u00e9t\u00e9rans le 20 f\u00e9vrier, un triplette r\u00e9gional le 21 f\u00e9vrier et un triplette mixte d\u00e9partemental le 22 f\u00e9vrier dans le boulodrome de Normandie \u00e0 Saint Pierre Les Elbeuf.<br \/>\nLe national jeunes, suspendu en 2025 \u00e0 cause de l\u2019organisation des championnats de France \u00e0 Pontorson, sera \u00e0 nouveau organis\u00e9 \u00e0 Avranches le 28 Juin.<br \/>\nLe r\u00e9gional triplette mixte se d\u00e9roulera le 19 Septembre \u00e0 Avranches.<br \/>\nEn 2026 les contr\u00f4les d\u2019alcool\u00e9mie seront renforc\u00e9s que ce soit dans les championnats, les CDC, les coupes ou les concours d\u00e9partementaux.<br \/>\nComme en 2025 les membres du comit\u00e9 seront \u00e0 votre \u00e9coute et prendront les d\u00e9cisions qui s\u2019imposent toujours dans l\u2019int\u00e9r\u00eat de la p\u00e9tanque et du jeu proven\u00e7al.<br \/>\nUn grand merci \u00e0 Vincent, notre employ\u00e9 administratif, aux membres du comit\u00e9 d\u00e9partemental, aux membres des commissions, aux arbitres et aux \u00e9ducateurs pour leur investissement toute l\u2019ann\u00e9e.<br \/>\nPour terminer, nous associons nos partenaires et annonceurs pour l\u2019aide pr\u00e9cieuse qu\u2019ils nous apportent, pour la bonne gestion de notre comit\u00e9 d\u00e9partemental.<br \/>\nMarcel LEMALLIER. Marcel SIRI.<\/p>\n<p>Marcel LEMALLIER. Marcel SIRI.<\/p>\n","protected":false},"excerpt":{"rendered":"<p>Les pr\u00e9sidents et les membres du comit\u00e9 d\u00e9partemental de la Manche vous\u00a0 pr\u00e9sentent ainsi qu\u2019\u00e0 vos proches leurs meilleurs v\u0153ux pour l\u2019ann\u00e9e 2026. F\u00e9licitations \u00e0 l\u2019\u00e9quipe juniors de l\u2019entente MANCHE 50 compos\u00e9e de joueurs de 4 clubs diff\u00e9rents. Cette entente a gagn\u00e9 le CRC Normandie juniors et s\u2019est qualifi\u00e9e pour la phase finale Nationale CNC &hellip; <\/p>\n<p class=\"link-more\"><a href=\"https:\/\/cd50petanque.fr\/?page_id=49\" class=\"more-link\">Continuer la lecture<span class=\"screen-reader-text\"> de &laquo;&nbsp;Mot du pr\u00e9sident&nbsp;&raquo;<\/span><\/a><\/p>\n","protected":false},"author":1,"featured_media":0,"parent":0,"menu_order":0,"comment_status":"closed","ping_status":"closed","template":"","meta":[],"_links":{"self":[{"href":"https:\/\/cd50petanque.fr\/index.php?rest_route=\/wp\/v2\/pages\/49"}],"collection":[{"href":"https:\/\/cd50petanque.fr\/index.php?rest_route=\/wp\/v2\/pages"}],"about":[{"href":"https:\/\/cd50petanque.fr\/index.php?rest_route=\/wp\/v2\/types\/page"}],"author":[{"embeddable":true,"href":"https:\/\/cd50petanque.fr\/index.php?rest_route=\/wp\/v2\/users\/1"}],"replies":[{"embeddable":true,"href":"https:\/\/cd50petanque.fr\/index.php?rest_route=%2Fwp%2Fv2%2Fcomments&post=49"}],"version-history":[{"count":8,"href":"https:\/\/cd50petanque.fr\/index.php?rest_route=\/wp\/v2\/pages\/49\/revisions"}],"predecessor-version":[{"id":3512,"href":"https:\/\/cd50petanque.fr\/index.php?rest_route=\/wp\/v2\/pages\/49\/revisions\/3512"}],"wp:attachment":[{"href":"https:\/\/cd50petanque.fr\/index.php?rest_route=%2Fwp%2Fv2%2Fmedia&parent=49"}],"curies":[{"name":"wp","href":"https:\/\/api.w.org\/{rel}","templated":true}]}}